{"id":3072,"date":"2023-05-10T16:59:46","date_gmt":"2023-05-10T16:59:46","guid":{"rendered":"https:\/\/www.san-damian.com\/cookie-policy\/"},"modified":"2023-06-11T06:52:48","modified_gmt":"2023-06-11T06:52:48","slug":"cookie-policy","status":"publish","type":"page","link":"https:\/\/www.san-damian.com\/de\/cookie-policy\/","title":{"rendered":"Cookie Policy"},"content":{"rendered":"\t\t<div data-elementor-type=\"wp-page\" data-elementor-id=\"3072\" class=\"elementor elementor-3072 elementor-2085\">\n\t\t\t\t\t\t<section class=\"elementor-section elementor-top-section elementor-element elementor-element-7adcaa7 elementor-section-boxed elementor-section-height-default elementor-section-height-default\" data-id=\"7adcaa7\" data-element_type=\"section\" data-e-type=\"section\" data-settings=\"{&quot;hoteller_ext_is_background_parallax&quot;:&quot;false&quot;,&quot;hoteller_ext_is_background_backdrop&quot;:&quot;false&quot;,&quot;hoteller_ext_is_background_on_scroll&quot;:&quot;false&quot;}\">\n\t\t\t\t\t\t<div class=\"elementor-container elementor-column-gap-default\">\n\t\t\t\t\t<div class=\"elementor-column elementor-col-100 elementor-top-column elementor-element elementor-element-5f15827\" data-id=\"5f15827\" data-element_type=\"column\" data-e-type=\"column\" data-settings=\"{&quot;hoteller_ext_link_sidemenu&quot;:&quot;false&quot;,&quot;hoteller_ext_link_fullmenu&quot;:&quot;false&quot;,&quot;hoteller_ext_link_closed_fullmenu&quot;:&quot;false&quot;,&quot;hoteller_ext_is_scrollme&quot;:&quot;false&quot;,&quot;hoteller_ext_is_smoove&quot;:&quot;false&quot;,&quot;hoteller_ext_is_parallax_mouse&quot;:&quot;false&quot;,&quot;hoteller_ext_is_infinite&quot;:&quot;false&quot;,&quot;hoteller_ext_is_fadeout_animation&quot;:&quot;false&quot;,&quot;hoteller_ext_mobile_static&quot;:&quot;false&quot;}\">\n\t\t\t<div class=\"elementor-widget-wrap elementor-element-populated\">\n\t\t\t\t\t\t<div class=\"elementor-element elementor-element-a42dc88 elementor-widget__width-inherit elementor-widget elementor-widget-hoteller-animated-text\" data-id=\"a42dc88\" data-element_type=\"widget\" data-e-type=\"widget\" data-settings=\"{&quot;hoteller_ext_link_sidemenu&quot;:&quot;false&quot;,&quot;hoteller_ext_link_fullmenu&quot;:&quot;false&quot;,&quot;hoteller_ext_link_closed_fullmenu&quot;:&quot;false&quot;,&quot;hoteller_ext_is_scrollme&quot;:&quot;false&quot;,&quot;hoteller_ext_is_smoove&quot;:&quot;false&quot;,&quot;hoteller_ext_is_parallax_mouse&quot;:&quot;false&quot;,&quot;hoteller_ext_is_infinite&quot;:&quot;false&quot;,&quot;hoteller_ext_is_fadeout_animation&quot;:&quot;false&quot;,&quot;hoteller_ext_mobile_static&quot;:&quot;false&quot;}\" data-widget_type=\"hoteller-animated-text.default\">\n\t\t\t\t<div class=\"elementor-widget-container\">\n\t\t\t\t\t<div class=\"themegoods-animated-text text-alignment-left transition-right overflow-visible\" data-delimiter=\"word\" data-transition=\"50\" data-transition-delay=\"400\" data-transition-duration=\"800\">\n\t\t<h2>\n\t\tCookie Policy\t<\/h2>\n\t<\/div>\t\t\t\t<\/div>\n\t\t\t\t<\/div>\n\t\t\t\t<div class=\"elementor-element elementor-element-ad03573 elementor-widget elementor-widget-text-editor\" data-id=\"ad03573\" data-element_type=\"widget\" data-e-type=\"widget\" data-settings=\"{&quot;hoteller_ext_link_sidemenu&quot;:&quot;false&quot;,&quot;hoteller_ext_link_fullmenu&quot;:&quot;false&quot;,&quot;hoteller_ext_link_closed_fullmenu&quot;:&quot;false&quot;,&quot;hoteller_ext_is_scrollme&quot;:&quot;false&quot;,&quot;hoteller_ext_is_smoove&quot;:&quot;false&quot;,&quot;hoteller_ext_is_parallax_mouse&quot;:&quot;false&quot;,&quot;hoteller_ext_is_infinite&quot;:&quot;false&quot;,&quot;hoteller_ext_is_fadeout_animation&quot;:&quot;false&quot;,&quot;hoteller_ext_mobile_static&quot;:&quot;false&quot;}\" data-widget_type=\"text-editor.default\">\n\t\t\t\t<div class=\"elementor-widget-container\">\n\t\t\t\t\t\t\t\t\t<p>Datum des Inkrafttretens: 21-Apr-2023 <br \/>Zuletzt aktualisiert: 21-Apr-2023<\/p><h4>\u00a0<\/h4><h4><span style=\"text-decoration: underline;\">Was sind Cookies?<\/span><\/h4><p>Diese Cookie-Richtlinie erkl\u00e4rt, was Cookies sind und wie wir sie verwenden, welche Arten von Cookies wir verwenden, welche Informationen wir mit Hilfe von Cookies sammeln und wie diese Informationen verwendet werden, und wie Sie die Cookie-Einstellungen verwalten k\u00f6nnen.<\/p><p>Cookies sind kleine Textdateien, die dazu dienen, kleine Informationen zu speichern. Sie werden auf Ihrem Ger\u00e4t gespeichert, wenn die Website \u00fcber Ihren Browser geladen wird. Diese Cookies helfen uns, die Website ordnungsgem\u00e4\u00df funktionieren zu lassen, sie sicherer zu machen, die Benutzerfreundlichkeit zu verbessern und zu verstehen, wie die Website funktioniert, um zu analysieren, was funktioniert und wo sie verbessert werden muss.<\/p><h4>\u00a0<\/h4><h4><span style=\"text-decoration: underline;\">Wie verwenden wir Cookies?<\/span><\/h4><p>Wie die meisten Online-Dienste verwendet auch unsere Website Erstanbieter- und Drittanbieter-Cookies f\u00fcr verschiedene Zwecke. Cookies von Erstanbietern sind in den meisten F\u00e4llen notwendig, damit die Website richtig funktioniert, und sie erfassen keine personenbezogenen Daten von Ihnen.<\/p><p>Die Cookies von Drittanbietern, die auf unserer Website verwendet werden, dienen haupts\u00e4chlich dazu, zu verstehen, wie die Website funktioniert, wie Sie mit unserer Website interagieren, unsere Dienste sicher zu halten, Ihnen f\u00fcr Sie relevante Werbung anzubieten und Ihnen insgesamt eine bessere und verbesserte Benutzererfahrung zu bieten und Ihre zuk\u00fcnftigen Interaktionen mit unserer Website zu beschleunigen.<\/p><h4>\u00a0<\/h4><h4><span style=\"text-decoration: underline;\">Cookie-Einstellungen verwalten<\/span><\/h4><p><span style=\"color: #77864c;\"><strong style=\"text-decoration: underline;\"><a class=\"cky-banner-element\" style=\"color: #77864c; text-decoration: underline;\">Cookie Settings<\/a><\/strong><\/span><\/p><div><p>Sie k\u00f6nnen Ihre Cookie-Einstellungen jederzeit \u00e4ndern, indem Sie auf die obige Schaltfl\u00e4che klicken. So k\u00f6nnen Sie das Cookie-Einwilligungsbanner erneut aufrufen und Ihre Einstellungen \u00e4ndern oder Ihre Einwilligung sofort widerrufen.<\/p><p>Dar\u00fcber hinaus bieten verschiedene Browser unterschiedliche Methoden zum Blockieren und L\u00f6schen von Cookies, die von Websites verwendet werden. Sie k\u00f6nnen die Einstellungen Ihres Browsers \u00e4ndern, um die Cookies zu blockieren\/l\u00f6schen. Nachstehend finden Sie Links zu den Support-Dokumenten der wichtigsten Webbrowser, die Ihnen zeigen, wie Sie Cookies verwalten und l\u00f6schen k\u00f6nnen.<\/p><p>Chrome: <a href=\"https:\/\/support.google.com\/accounts\/answer\/32050\" target=\"_blank\" rel=\"noopener\">https:\/\/support.google.com\/accounts\/answer\/32050<\/a><\/p><p>Safari: <a href=\"https:\/\/support.apple.com\/en-in\/guide\/safari\/sfri11471\/mac\" target=\"_blank\" rel=\"noopener\">https:\/\/support.apple.com\/en-in\/guide\/safari\/sfri11471\/mac<\/a><\/p><p>Firefox: <a href=\"https:\/\/support.mozilla.org\/en-US\/kb\/clear-cookies-and-site-data-firefox?redirectslug=delete-cookies-remove-info-websites-stored&amp;redirectlocale=en-US\" target=\"_blank\" rel=\"noopener\">https:\/\/support.mozilla.org\/en-US\/kb\/clear-cookies-and-site-data-firefox?redirectslug=delete-cookies-remove-info-websites-stored&amp;redirectlocale=en-US<\/a><\/p><p>Internet Explorer: <a href=\"https:\/\/support.microsoft.com\/en-us\/topic\/how-to-delete-cookie-files-in-internet-explorer-bca9446f-d873-78de-77ba-d42645fa52fc\" target=\"_blank\" rel=\"noopener\">https:\/\/support.microsoft.com\/en-us\/topic\/how-to-delete-cookie-files-in-internet-explorer-bca9446f-d873-78de-77ba-d42645fa52fc<\/a><\/p><p>Wenn Sie einen anderen Webbrowser verwenden, lesen Sie bitte die offiziellen Support-Dokumente f\u00fcr Ihren Browser.<\/p><\/div>\t\t\t\t\t\t\t\t<\/div>\n\t\t\t\t<\/div>\n\t\t\t\t\t<\/div>\n\t\t<\/div>\n\t\t\t\t\t<\/div>\n\t\t<\/section>\n\t\t\t\t<\/div>\n\t\t","protected":false},"excerpt":{"rendered":"<p>Cookie Policy Datum des Inkrafttretens: 21-Apr-2023 Zuletzt aktualisiert: 21-Apr-2023 \u00a0 Was sind Cookies? Diese Cookie-Richtlinie erkl\u00e4rt, was Cookies sind und wie wir sie verwenden, welche Arten von Cookies wir verwenden, welche Informationen wir mit Hilfe von Cookies sammeln und wie [&hellip;]<\/p>\n","protected":false},"author":2,"featured_media":0,"parent":0,"menu_order":0,"comment_status":"closed","ping_status":"closed","template":"elementor_header_footer","meta":{"footnotes":""},"class_list":["post-3072","page","type-page","status-publish","hentry"],"yoast_head":"<!-- This site is optimized with the Yoast SEO plugin v27.0 - https:\/\/yoast.com\/product\/yoast-seo-wordpress\/ -->\n<title>Cookie Policy | San Damian - Boutique hotel in Liguria, Italy<\/title>\n<meta name=\"description\" content=\"Cookie Policy: Wir laden Sie ein, sich Zeit zu nehmen: sch\u00e4tzen Sie sie, genie\u00dfen Sie sie, aber vor allem: seien Sie unser Gast.\" \/>\n<meta name=\"robots\" content=\"index, follow, max-snippet:-1, max-image-preview:large, max-video-preview:-1\" \/>\n<link rel=\"canonical\" href=\"https:\/\/www.san-damian.com\/de\/cookie-policy\/\" \/>\n<meta property=\"og:locale\" content=\"de_DE\" \/>\n<meta property=\"og:type\" content=\"article\" \/>\n<meta property=\"og:title\" content=\"Cookie Policy | San Damian - Boutique hotel in Liguria, Italy\" \/>\n<meta property=\"og:description\" content=\"Cookie Policy: Wir laden Sie ein, sich Zeit zu nehmen: sch\u00e4tzen Sie sie, genie\u00dfen Sie sie, aber vor allem: seien Sie unser Gast.\" \/>\n<meta property=\"og:url\" content=\"https:\/\/www.san-damian.com\/de\/cookie-policy\/\" \/>\n<meta property=\"og:site_name\" content=\"San Damian\" \/>\n<meta property=\"article:modified_time\" content=\"2023-06-11T06:52:48+00:00\" \/>\n<meta name=\"twitter:card\" content=\"summary_large_image\" \/>\n<meta name=\"twitter:label1\" content=\"Gesch\u00e4tzte Lesezeit\" \/>\n\t<meta name=\"twitter:data1\" content=\"2\u00a0Minuten\" \/>\n<script type=\"application\/ld+json\" class=\"yoast-schema-graph\">{\"@context\":\"https:\/\/schema.org\",\"@graph\":[{\"@type\":\"WebPage\",\"@id\":\"https:\/\/www.san-damian.com\/de\/cookie-policy\/\",\"url\":\"https:\/\/www.san-damian.com\/de\/cookie-policy\/\",\"name\":\"Cookie Policy | San Damian - Boutique hotel in Liguria, Italy\",\"isPartOf\":{\"@id\":\"https:\/\/www.san-damian.com\/de\/#website\"},\"datePublished\":\"2023-05-10T16:59:46+00:00\",\"dateModified\":\"2023-06-11T06:52:48+00:00\",\"description\":\"Cookie Policy: Wir laden Sie ein, sich Zeit zu nehmen: sch\u00e4tzen Sie sie, genie\u00dfen Sie sie, aber vor allem: seien Sie unser Gast.\",\"breadcrumb\":{\"@id\":\"https:\/\/www.san-damian.com\/de\/cookie-policy\/#breadcrumb\"},\"inLanguage\":\"de\",\"potentialAction\":[{\"@type\":\"ReadAction\",\"target\":[\"https:\/\/www.san-damian.com\/de\/cookie-policy\/\"]}]},{\"@type\":\"BreadcrumbList\",\"@id\":\"https:\/\/www.san-damian.com\/de\/cookie-policy\/#breadcrumb\",\"itemListElement\":[{\"@type\":\"ListItem\",\"position\":1,\"name\":\"Home\",\"item\":\"https:\/\/www.san-damian.com\/de\/\"},{\"@type\":\"ListItem\",\"position\":2,\"name\":\"Cookie Policy\"}]},{\"@type\":\"WebSite\",\"@id\":\"https:\/\/www.san-damian.com\/de\/#website\",\"url\":\"https:\/\/www.san-damian.com\/de\/\",\"name\":\"San Damian\",\"description\":\"\",\"potentialAction\":[{\"@type\":\"SearchAction\",\"target\":{\"@type\":\"EntryPoint\",\"urlTemplate\":\"https:\/\/www.san-damian.com\/de\/?s={search_term_string}\"},\"query-input\":{\"@type\":\"PropertyValueSpecification\",\"valueRequired\":true,\"valueName\":\"search_term_string\"}}],\"inLanguage\":\"de\"}]}<\/script>\n<!-- \/ Yoast SEO plugin. -->","yoast_head_json":{"title":"Cookie Policy | San Damian - Boutique hotel in Liguria, Italy","description":"Cookie Policy: Wir laden Sie ein, sich Zeit zu nehmen: sch\u00e4tzen Sie sie, genie\u00dfen Sie sie, aber vor allem: seien Sie unser Gast.","robots":{"index":"index","follow":"follow","max-snippet":"max-snippet:-1","max-image-preview":"max-image-preview:large","max-video-preview":"max-video-preview:-1"},"canonical":"https:\/\/www.san-damian.com\/de\/cookie-policy\/","og_locale":"de_DE","og_type":"article","og_title":"Cookie Policy | San Damian - Boutique hotel in Liguria, Italy","og_description":"Cookie Policy: Wir laden Sie ein, sich Zeit zu nehmen: sch\u00e4tzen Sie sie, genie\u00dfen Sie sie, aber vor allem: seien Sie unser Gast.","og_url":"https:\/\/www.san-damian.com\/de\/cookie-policy\/","og_site_name":"San Damian","article_modified_time":"2023-06-11T06:52:48+00:00","twitter_card":"summary_large_image","twitter_misc":{"Gesch\u00e4tzte Lesezeit":"2\u00a0Minuten"},"schema":{"@context":"https:\/\/schema.org","@graph":[{"@type":"WebPage","@id":"https:\/\/www.san-damian.com\/de\/cookie-policy\/","url":"https:\/\/www.san-damian.com\/de\/cookie-policy\/","name":"Cookie Policy | San Damian - Boutique hotel in Liguria, Italy","isPartOf":{"@id":"https:\/\/www.san-damian.com\/de\/#website"},"datePublished":"2023-05-10T16:59:46+00:00","dateModified":"2023-06-11T06:52:48+00:00","description":"Cookie Policy: Wir laden Sie ein, sich Zeit zu nehmen: sch\u00e4tzen Sie sie, genie\u00dfen Sie sie, aber vor allem: seien Sie unser Gast.","breadcrumb":{"@id":"https:\/\/www.san-damian.com\/de\/cookie-policy\/#breadcrumb"},"inLanguage":"de","potentialAction":[{"@type":"ReadAction","target":["https:\/\/www.san-damian.com\/de\/cookie-policy\/"]}]},{"@type":"BreadcrumbList","@id":"https:\/\/www.san-damian.com\/de\/cookie-policy\/#breadcrumb","itemListElement":[{"@type":"ListItem","position":1,"name":"Home","item":"https:\/\/www.san-damian.com\/de\/"},{"@type":"ListItem","position":2,"name":"Cookie Policy"}]},{"@type":"WebSite","@id":"https:\/\/www.san-damian.com\/de\/#website","url":"https:\/\/www.san-damian.com\/de\/","name":"San Damian","description":"","potentialAction":[{"@type":"SearchAction","target":{"@type":"EntryPoint","urlTemplate":"https:\/\/www.san-damian.com\/de\/?s={search_term_string}"},"query-input":{"@type":"PropertyValueSpecification","valueRequired":true,"valueName":"search_term_string"}}],"inLanguage":"de"}]}},"_links":{"self":[{"href":"https:\/\/www.san-damian.com\/de\/wp-json\/wp\/v2\/pages\/3072","targetHints":{"allow":["GET"]}}],"collection":[{"href":"https:\/\/www.san-damian.com\/de\/wp-json\/wp\/v2\/pages"}],"about":[{"href":"https:\/\/www.san-damian.com\/de\/wp-json\/wp\/v2\/types\/page"}],"author":[{"embeddable":true,"href":"https:\/\/www.san-damian.com\/de\/wp-json\/wp\/v2\/users\/2"}],"replies":[{"embeddable":true,"href":"https:\/\/www.san-damian.com\/de\/wp-json\/wp\/v2\/comments?post=3072"}],"version-history":[{"count":5,"href":"https:\/\/www.san-damian.com\/de\/wp-json\/wp\/v2\/pages\/3072\/revisions"}],"predecessor-version":[{"id":3457,"href":"https:\/\/www.san-damian.com\/de\/wp-json\/wp\/v2\/pages\/3072\/revisions\/3457"}],"wp:attachment":[{"href":"https:\/\/www.san-damian.com\/de\/wp-json\/wp\/v2\/media?parent=3072"}],"curies":[{"name":"wp","href":"https:\/\/api.w.org\/{rel}","templated":true}]}}