{"id":3086,"date":"2021-08-15T04:45:48","date_gmt":"2021-08-15T04:45:48","guid":{"rendered":"https:\/\/www.san-damian.com\/suites\/"},"modified":"2025-06-10T05:16:47","modified_gmt":"2025-06-10T05:16:47","slug":"apartments","status":"publish","type":"page","link":"https:\/\/www.san-damian.com\/de\/apartments\/","title":{"rendered":"Apartments"},"content":{"rendered":"\t\t<div data-elementor-type=\"wp-page\" data-elementor-id=\"3086\" class=\"elementor elementor-3086 elementor-548\">\n\t\t\t\t\t\t<section class=\"elementor-section elementor-top-section elementor-element elementor-element-723c74a elementor-section-height-min-height elementor-section-stretched elementor-section-boxed elementor-section-height-default elementor-section-items-middle\" data-id=\"723c74a\" data-element_type=\"section\" data-e-type=\"section\" data-settings=\"{&quot;stretch_section&quot;:&quot;section-stretched&quot;,&quot;background_background&quot;:&quot;classic&quot;,&quot;hoteller_ext_is_background_parallax&quot;:&quot;false&quot;,&quot;hoteller_ext_is_background_backdrop&quot;:&quot;false&quot;,&quot;hoteller_ext_is_background_on_scroll&quot;:&quot;false&quot;}\">\n\t\t\t\t\t\t<div class=\"elementor-container elementor-column-gap-default\">\n\t\t\t\t\t<div class=\"elementor-column elementor-col-100 elementor-top-column elementor-element elementor-element-de8598f\" data-id=\"de8598f\" data-element_type=\"column\" data-e-type=\"column\" data-settings=\"{&quot;hoteller_ext_link_sidemenu&quot;:&quot;false&quot;,&quot;hoteller_ext_link_fullmenu&quot;:&quot;false&quot;,&quot;hoteller_ext_link_closed_fullmenu&quot;:&quot;false&quot;,&quot;hoteller_ext_is_scrollme&quot;:&quot;false&quot;,&quot;hoteller_ext_is_smoove&quot;:&quot;false&quot;,&quot;hoteller_ext_is_parallax_mouse&quot;:&quot;false&quot;,&quot;hoteller_ext_is_infinite&quot;:&quot;false&quot;,&quot;hoteller_ext_is_fadeout_animation&quot;:&quot;false&quot;,&quot;hoteller_ext_mobile_static&quot;:&quot;false&quot;}\">\n\t\t\t<div class=\"elementor-widget-wrap elementor-element-populated\">\n\t\t\t\t\t\t<div class=\"elementor-element elementor-element-9a72a46 elementor-widget elementor-widget-heading\" data-id=\"9a72a46\" data-element_type=\"widget\" data-e-type=\"widget\" data-settings=\"{&quot;hoteller_ext_link_sidemenu&quot;:&quot;false&quot;,&quot;hoteller_ext_link_fullmenu&quot;:&quot;false&quot;,&quot;hoteller_ext_link_closed_fullmenu&quot;:&quot;false&quot;,&quot;hoteller_ext_is_scrollme&quot;:&quot;false&quot;,&quot;hoteller_ext_is_parallax_mouse&quot;:&quot;false&quot;,&quot;hoteller_ext_is_infinite&quot;:&quot;false&quot;,&quot;hoteller_ext_mobile_static&quot;:&quot;false&quot;}\" data-widget_type=\"heading.default\">\n\t\t\t\t<div class=\"elementor-widget-container\">\n\t\t\t\t\t<h2 class=\"elementor-heading-title elementor-size-default\">San Damian<\/h2>\t\t\t\t<\/div>\n\t\t\t\t<\/div>\n\t\t\t\t<div class=\"elementor-element elementor-element-98ebfcb elementor-widget elementor-widget-heading\" data-id=\"98ebfcb\" data-element_type=\"widget\" data-e-type=\"widget\" data-settings=\"{&quot;hoteller_ext_link_sidemenu&quot;:&quot;false&quot;,&quot;hoteller_ext_link_fullmenu&quot;:&quot;false&quot;,&quot;hoteller_ext_link_closed_fullmenu&quot;:&quot;false&quot;,&quot;hoteller_ext_is_scrollme&quot;:&quot;false&quot;,&quot;hoteller_ext_is_smoove&quot;:&quot;false&quot;,&quot;hoteller_ext_is_parallax_mouse&quot;:&quot;false&quot;,&quot;hoteller_ext_is_infinite&quot;:&quot;false&quot;,&quot;hoteller_ext_is_fadeout_animation&quot;:&quot;false&quot;,&quot;hoteller_ext_mobile_static&quot;:&quot;false&quot;}\" data-widget_type=\"heading.default\">\n\t\t\t\t<div class=\"elementor-widget-container\">\n\t\t\t\t\t<h2 class=\"elementor-heading-title elementor-size-default\">Unsere Apartments<\/h2>\t\t\t\t<\/div>\n\t\t\t\t<\/div>\n\t\t\t\t\t<\/div>\n\t\t<\/div>\n\t\t\t\t\t<\/div>\n\t\t<\/section>\n\t\t\t\t<section class=\"elementor-section elementor-top-section elementor-element elementor-element-9b53775 elementor-section-boxed elementor-section-height-default elementor-section-height-default\" data-id=\"9b53775\" data-element_type=\"section\" data-e-type=\"section\" data-settings=\"{&quot;hoteller_ext_is_background_parallax&quot;:&quot;false&quot;,&quot;hoteller_ext_is_background_backdrop&quot;:&quot;false&quot;,&quot;hoteller_ext_is_background_on_scroll&quot;:&quot;false&quot;}\">\n\t\t\t\t\t\t<div class=\"elementor-container elementor-column-gap-default\">\n\t\t\t\t\t<div class=\"elementor-column elementor-col-100 elementor-top-column elementor-element elementor-element-4df6fbd\" data-id=\"4df6fbd\" data-element_type=\"column\" data-e-type=\"column\" data-settings=\"{&quot;hoteller_ext_link_sidemenu&quot;:&quot;false&quot;,&quot;hoteller_ext_link_fullmenu&quot;:&quot;false&quot;,&quot;hoteller_ext_link_closed_fullmenu&quot;:&quot;false&quot;,&quot;hoteller_ext_is_scrollme&quot;:&quot;false&quot;,&quot;hoteller_ext_is_smoove&quot;:&quot;false&quot;,&quot;hoteller_ext_is_parallax_mouse&quot;:&quot;false&quot;,&quot;hoteller_ext_is_infinite&quot;:&quot;false&quot;,&quot;hoteller_ext_is_fadeout_animation&quot;:&quot;false&quot;,&quot;hoteller_ext_mobile_static&quot;:&quot;false&quot;}\">\n\t\t\t<div class=\"elementor-widget-wrap elementor-element-populated\">\n\t\t\t\t\t\t<div class=\"elementor-element elementor-element-62a87f6 elementor-widget elementor-widget-hoteller-accommodation-types\" data-id=\"62a87f6\" data-element_type=\"widget\" data-e-type=\"widget\" data-settings=\"{&quot;hoteller_ext_link_sidemenu&quot;:&quot;false&quot;,&quot;hoteller_ext_link_fullmenu&quot;:&quot;false&quot;,&quot;hoteller_ext_link_closed_fullmenu&quot;:&quot;false&quot;,&quot;hoteller_ext_is_scrollme&quot;:&quot;false&quot;,&quot;hoteller_ext_is_smoove&quot;:&quot;false&quot;,&quot;hoteller_ext_is_parallax_mouse&quot;:&quot;false&quot;,&quot;hoteller_ext_is_infinite&quot;:&quot;false&quot;,&quot;hoteller_ext_is_fadeout_animation&quot;:&quot;false&quot;,&quot;hoteller_ext_mobile_static&quot;:&quot;false&quot;}\" data-widget_type=\"hoteller-accommodation-types.default\">\n\t\t\t\t<div class=\"elementor-widget-container\">\n\t\t\t\t\t<div class=\"accommodation_type_content_wrapper layout_2\">\n\n<!-- Begin each accommodation type post -->\n\t<div class=\"room_grid_wrapper one_half\">\n\t\t\t<div class=\"post_img_hover\">\n\t\t\t<img decoding=\"async\" class=\"singleroom_other_image\" src=\"https:\/\/www.san-damian.com\/wp-content\/uploads\/2023\/05\/MG_33f17-700x466.jpg\" alt=\"\"\/>\n\t\t\t<a class=\"singleroom_other_image_link\" title=\"Terrace Apartment\" href=\"https:\/\/www.san-damian.com\/de\/room\/terrace-apartment\/\"><\/a>\n\t\t<\/div>\n\t\t<h3 class=\"room_grid_wrapper_header\"><a title=\"Terrace Apartment\" href=\"https:\/\/www.san-damian.com\/de\/room\/terrace-apartment\/\">Terrace Apartment<\/a><\/h3>\n\t\t\n\t\t\t\t\t<div class=\"room_grid_content_wrapper themeborder\">\n\t\t\t\tGer\u00e4umige und architektonisch unterschiedliche Suiten in der obersten Etage mit zwei Ebenen, einem Zwischengeschoss und einer gro\u00dfen Terrasse mit Meerblick,...\t\t\t<\/div>\n\t\t\t\t<div class=\"room_grid2_action_wrapper\">\n\t\t\t\t\t\t<div class=\"child_one_half themeborder\">\n\t\t\t\t<div class=\"room_grid2_price_label\">From<\/div>\n\t\t\t\t<div class=\"room_grid2_price\">\n\t\t\t\t\t\t\t\t\t\t\t<span class=\"mphb-price\">180 \u20ac<\/span>\n\t\t\t\t\t\t\t\t\t<\/div>\n\t\t\t<\/div>\n\t\t\t\t\t\t<div class=\"room_grid2_view child_one_half last\">\n\t\t\t\t<a title=\"Terrace Apartment\" href=\"https:\/\/www.san-damian.com\/de\/room\/terrace-apartment\/\" class=\"room_grid2_view\">\n\t\t\t\t\tView Detail\t\t\t\t<\/a>\n\t\t\t<\/div>\n\t\t<\/div>\n\t<\/div>\n\n<!-- End each accommodation type post -->\n<!-- Begin each accommodation type post -->\n\t<div class=\"room_grid_wrapper one_half\">\n\t\t\t<div class=\"post_img_hover\">\n\t\t\t<img decoding=\"async\" class=\"singleroom_other_image\" src=\"https:\/\/www.san-damian.com\/wp-content\/uploads\/2023\/05\/P1177758-700x466.jpg\" alt=\"\"\/>\n\t\t\t<a class=\"singleroom_other_image_link\" title=\"Garden Apartment\" href=\"https:\/\/www.san-damian.com\/de\/room\/garden-apartment\/\"><\/a>\n\t\t<\/div>\n\t\t<h3 class=\"room_grid_wrapper_header\"><a title=\"Garden Apartment\" href=\"https:\/\/www.san-damian.com\/de\/room\/garden-apartment\/\">Garden Apartment<\/a><\/h3>\n\t\t\n\t\t\t\t\t<div class=\"room_grid_content_wrapper themeborder\">\n\t\t\t\tEine ger\u00e4umige Apartment auf zwei Ebenen mit Schlafzimmer auf erh\u00f6htem Zwischenboden, mit einem kleinen privaten Bereich im Garten.\t\t\t<\/div>\n\t\t\t\t<div class=\"room_grid2_action_wrapper\">\n\t\t\t\t\t\t<div class=\"child_one_half themeborder\">\n\t\t\t\t<div class=\"room_grid2_price_label\">From<\/div>\n\t\t\t\t<div class=\"room_grid2_price\">\n\t\t\t\t\t\t\t\t\t\t\t<span class=\"mphb-price\">165 \u20ac<\/span>\n\t\t\t\t\t\t\t\t\t<\/div>\n\t\t\t<\/div>\n\t\t\t\t\t\t<div class=\"room_grid2_view child_one_half last\">\n\t\t\t\t<a title=\"Garden Apartment\" href=\"https:\/\/www.san-damian.com\/de\/room\/garden-apartment\/\" class=\"room_grid2_view\">\n\t\t\t\t\tView Detail\t\t\t\t<\/a>\n\t\t\t<\/div>\n\t\t<\/div>\n\t<\/div>\n\n<!-- End each accommodation type post -->\n<!-- Begin each accommodation type post -->\n\t<div class=\"room_grid_wrapper one_half\">\n\t\t\t<div class=\"post_img_hover\">\n\t\t\t<img decoding=\"async\" class=\"singleroom_other_image\" src=\"https:\/\/www.san-damian.com\/wp-content\/uploads\/2018\/09\/image00028-700x466.jpeg\" alt=\"\"\/>\n\t\t\t<a class=\"singleroom_other_image_link\" title=\"Arch Apartment\" href=\"https:\/\/www.san-damian.com\/de\/room\/arch-apartment\/\"><\/a>\n\t\t<\/div>\n\t\t<h3 class=\"room_grid_wrapper_header\"><a title=\"Arch Apartment\" href=\"https:\/\/www.san-damian.com\/de\/room\/arch-apartment\/\">Arch Apartment<\/a><\/h3>\n\t\t\n\t\t\t\t\t<div class=\"room_grid_content_wrapper themeborder\">\n\t\t\t\tDie Arch Apartment bietet Garten- und Meerblick, einen eigenen Eingang, WiFi, Klimaanlage, Heizung und Kamin sowie weitere Annehmlichkeiten.\t\t\t<\/div>\n\t\t\t\t<div class=\"room_grid2_action_wrapper\">\n\t\t\t\t\t\t<div class=\"child_one_half themeborder\">\n\t\t\t\t<div class=\"room_grid2_price_label\">From<\/div>\n\t\t\t\t<div class=\"room_grid2_price\">\n\t\t\t\t\t\t\t\t\t\t\t<span class=\"mphb-price\">165 \u20ac<\/span>\n\t\t\t\t\t\t\t\t\t<\/div>\n\t\t\t<\/div>\n\t\t\t\t\t\t<div class=\"room_grid2_view child_one_half last\">\n\t\t\t\t<a title=\"Arch Apartment\" href=\"https:\/\/www.san-damian.com\/de\/room\/arch-apartment\/\" class=\"room_grid2_view\">\n\t\t\t\t\tView Detail\t\t\t\t<\/a>\n\t\t\t<\/div>\n\t\t<\/div>\n\t<\/div>\n\n<!-- End each accommodation type post -->\n<!-- Begin each accommodation type post -->\n\t<div class=\"room_grid_wrapper one_half\">\n\t\t\t<div class=\"post_img_hover\">\n\t\t\t<img decoding=\"async\" class=\"singleroom_other_image\" src=\"https:\/\/www.san-damian.com\/wp-content\/uploads\/2024\/03\/MG_30f64-700x466.jpg\" alt=\"\"\/>\n\t\t\t<a class=\"singleroom_other_image_link\" title=\"Terrace Superior Apartment\" href=\"https:\/\/www.san-damian.com\/de\/room\/terrace-superior-apartment\/\"><\/a>\n\t\t<\/div>\n\t\t<h3 class=\"room_grid_wrapper_header\"><a title=\"Terrace Superior Apartment\" href=\"https:\/\/www.san-damian.com\/de\/room\/terrace-superior-apartment\/\">Terrace Superior Apartment<\/a><\/h3>\n\t\t\n\t\t\t\t\t<div class=\"room_grid_content_wrapper themeborder\">\n\t\t\t\tUnser ger\u00e4umiges Terrassen-Apartment Superior befindet sich auf der obersten Etage und verf\u00fcgt \u00fcber zwei Ebenen mit einem Schlafbereich im Zwischengeschoss...\t\t\t<\/div>\n\t\t\t\t<div class=\"room_grid2_action_wrapper\">\n\t\t\t\t\t\t<div class=\"child_one_half themeborder\">\n\t\t\t\t<div class=\"room_grid2_price_label\">From<\/div>\n\t\t\t\t<div class=\"room_grid2_price\">\n\t\t\t\t\t\t\t\t\t\t\t<span class=\"mphb-price\">200 \u20ac<\/span>\n\t\t\t\t\t\t\t\t\t<\/div>\n\t\t\t<\/div>\n\t\t\t\t\t\t<div class=\"room_grid2_view child_one_half last\">\n\t\t\t\t<a title=\"Terrace Superior Apartment\" href=\"https:\/\/www.san-damian.com\/de\/room\/terrace-superior-apartment\/\" class=\"room_grid2_view\">\n\t\t\t\t\tView Detail\t\t\t\t<\/a>\n\t\t\t<\/div>\n\t\t<\/div>\n\t<\/div>\n\n<!-- End each accommodation type post --><\/div>\n<br class=\"clear\"\/>\t\t\t\t<\/div>\n\t\t\t\t<\/div>\n\t\t\t\t\t<\/div>\n\t\t<\/div>\n\t\t\t\t\t<\/div>\n\t\t<\/section>\n\t\t\t\t<\/div>\n\t\t","protected":false},"excerpt":{"rendered":"<p>San Damian Unsere Apartments Arch Apartment The Arch Apartment features garden and sea views, private entrance, WiFi, air conditioning, heating and fireplace plus amenities. From 165 \u20ac View Detail Garden Apartment A spacious Garden Apartment on two levels with bedroom [&hellip;]<\/p>\n","protected":false},"author":2,"featured_media":0,"parent":0,"menu_order":0,"comment_status":"closed","ping_status":"closed","template":"elementor_header_footer","meta":{"footnotes":""},"class_list":["post-3086","page","type-page","status-publish","hentry"],"yoast_head":"<!-- This site is optimized with the Yoast SEO plugin v27.0 - https:\/\/yoast.com\/product\/yoast-seo-wordpress\/ -->\n<title>Apartments | San Damian - Boutique Hotel in Imperia, Liguria<\/title>\n<meta name=\"description\" content=\"Die Apartments im San Damian sind geschmackvoll eingerichtet, mit antiken M\u00f6beln, einem gem\u00fctlichen Kamin und viel Liebe zum Detail.\" \/>\n<meta name=\"robots\" content=\"index, follow, max-snippet:-1, max-image-preview:large, max-video-preview:-1\" \/>\n<link rel=\"canonical\" href=\"https:\/\/www.san-damian.com\/de\/apartments\/\" \/>\n<meta property=\"og:locale\" content=\"de_DE\" \/>\n<meta property=\"og:type\" content=\"article\" \/>\n<meta property=\"og:title\" content=\"Apartments | San Damian - Boutique Hotel in Imperia, Liguria\" \/>\n<meta property=\"og:description\" content=\"Die Apartments im San Damian sind geschmackvoll eingerichtet, mit antiken M\u00f6beln, einem gem\u00fctlichen Kamin und viel Liebe zum Detail.\" \/>\n<meta property=\"og:url\" content=\"https:\/\/www.san-damian.com\/de\/apartments\/\" \/>\n<meta property=\"og:site_name\" content=\"San Damian\" \/>\n<meta property=\"article:modified_time\" content=\"2025-06-10T05:16:47+00:00\" \/>\n<meta property=\"og:image\" content=\"https:\/\/www.san-damian.com\/wp-content\/uploads\/2018\/09\/image00028-700x466.jpeg\" \/>\n<meta name=\"twitter:card\" content=\"summary_large_image\" \/>\n<meta name=\"twitter:label1\" content=\"Gesch\u00e4tzte Lesezeit\" \/>\n\t<meta name=\"twitter:data1\" content=\"2\u00a0Minuten\" \/>\n<script type=\"application\/ld+json\" class=\"yoast-schema-graph\">{\"@context\":\"https:\/\/schema.org\",\"@graph\":[{\"@type\":\"WebPage\",\"@id\":\"https:\/\/www.san-damian.com\/de\/apartments\/\",\"url\":\"https:\/\/www.san-damian.com\/de\/apartments\/\",\"name\":\"Apartments | San Damian - Boutique Hotel in Imperia, Liguria\",\"isPartOf\":{\"@id\":\"https:\/\/www.san-damian.com\/de\/#website\"},\"primaryImageOfPage\":{\"@id\":\"https:\/\/www.san-damian.com\/de\/apartments\/#primaryimage\"},\"image\":{\"@id\":\"https:\/\/www.san-damian.com\/de\/apartments\/#primaryimage\"},\"thumbnailUrl\":\"https:\/\/www.san-damian.com\/wp-content\/uploads\/2018\/09\/image00028-700x466.jpeg\",\"datePublished\":\"2021-08-15T04:45:48+00:00\",\"dateModified\":\"2025-06-10T05:16:47+00:00\",\"description\":\"Die Apartments im San Damian sind geschmackvoll eingerichtet, mit antiken M\u00f6beln, einem gem\u00fctlichen Kamin und viel Liebe zum Detail.\",\"breadcrumb\":{\"@id\":\"https:\/\/www.san-damian.com\/de\/apartments\/#breadcrumb\"},\"inLanguage\":\"de\",\"potentialAction\":[{\"@type\":\"ReadAction\",\"target\":[\"https:\/\/www.san-damian.com\/de\/apartments\/\"]}]},{\"@type\":\"ImageObject\",\"inLanguage\":\"de\",\"@id\":\"https:\/\/www.san-damian.com\/de\/apartments\/#primaryimage\",\"url\":\"https:\/\/www.san-damian.com\/wp-content\/uploads\/2018\/09\/image00028-700x466.jpeg\",\"contentUrl\":\"https:\/\/www.san-damian.com\/wp-content\/uploads\/2018\/09\/image00028-700x466.jpeg\"},{\"@type\":\"BreadcrumbList\",\"@id\":\"https:\/\/www.san-damian.com\/de\/apartments\/#breadcrumb\",\"itemListElement\":[{\"@type\":\"ListItem\",\"position\":1,\"name\":\"Home\",\"item\":\"https:\/\/www.san-damian.com\/de\/\"},{\"@type\":\"ListItem\",\"position\":2,\"name\":\"Apartments\"}]},{\"@type\":\"WebSite\",\"@id\":\"https:\/\/www.san-damian.com\/de\/#website\",\"url\":\"https:\/\/www.san-damian.com\/de\/\",\"name\":\"San Damian\",\"description\":\"\",\"potentialAction\":[{\"@type\":\"SearchAction\",\"target\":{\"@type\":\"EntryPoint\",\"urlTemplate\":\"https:\/\/www.san-damian.com\/de\/?s={search_term_string}\"},\"query-input\":{\"@type\":\"PropertyValueSpecification\",\"valueRequired\":true,\"valueName\":\"search_term_string\"}}],\"inLanguage\":\"de\"}]}<\/script>\n<!-- \/ Yoast SEO plugin. -->","yoast_head_json":{"title":"Apartments | San Damian - Boutique Hotel in Imperia, Liguria","description":"Die Apartments im San Damian sind geschmackvoll eingerichtet, mit antiken M\u00f6beln, einem gem\u00fctlichen Kamin und viel Liebe zum Detail.","robots":{"index":"index","follow":"follow","max-snippet":"max-snippet:-1","max-image-preview":"max-image-preview:large","max-video-preview":"max-video-preview:-1"},"canonical":"https:\/\/www.san-damian.com\/de\/apartments\/","og_locale":"de_DE","og_type":"article","og_title":"Apartments | San Damian - Boutique Hotel in Imperia, Liguria","og_description":"Die Apartments im San Damian sind geschmackvoll eingerichtet, mit antiken M\u00f6beln, einem gem\u00fctlichen Kamin und viel Liebe zum Detail.","og_url":"https:\/\/www.san-damian.com\/de\/apartments\/","og_site_name":"San Damian","article_modified_time":"2025-06-10T05:16:47+00:00","og_image":[{"url":"https:\/\/www.san-damian.com\/wp-content\/uploads\/2018\/09\/image00028-700x466.jpeg","type":"","width":"","height":""}],"twitter_card":"summary_large_image","twitter_misc":{"Gesch\u00e4tzte Lesezeit":"2\u00a0Minuten"},"schema":{"@context":"https:\/\/schema.org","@graph":[{"@type":"WebPage","@id":"https:\/\/www.san-damian.com\/de\/apartments\/","url":"https:\/\/www.san-damian.com\/de\/apartments\/","name":"Apartments | San Damian - Boutique Hotel in Imperia, Liguria","isPartOf":{"@id":"https:\/\/www.san-damian.com\/de\/#website"},"primaryImageOfPage":{"@id":"https:\/\/www.san-damian.com\/de\/apartments\/#primaryimage"},"image":{"@id":"https:\/\/www.san-damian.com\/de\/apartments\/#primaryimage"},"thumbnailUrl":"https:\/\/www.san-damian.com\/wp-content\/uploads\/2018\/09\/image00028-700x466.jpeg","datePublished":"2021-08-15T04:45:48+00:00","dateModified":"2025-06-10T05:16:47+00:00","description":"Die Apartments im San Damian sind geschmackvoll eingerichtet, mit antiken M\u00f6beln, einem gem\u00fctlichen Kamin und viel Liebe zum Detail.","breadcrumb":{"@id":"https:\/\/www.san-damian.com\/de\/apartments\/#breadcrumb"},"inLanguage":"de","potentialAction":[{"@type":"ReadAction","target":["https:\/\/www.san-damian.com\/de\/apartments\/"]}]},{"@type":"ImageObject","inLanguage":"de","@id":"https:\/\/www.san-damian.com\/de\/apartments\/#primaryimage","url":"https:\/\/www.san-damian.com\/wp-content\/uploads\/2018\/09\/image00028-700x466.jpeg","contentUrl":"https:\/\/www.san-damian.com\/wp-content\/uploads\/2018\/09\/image00028-700x466.jpeg"},{"@type":"BreadcrumbList","@id":"https:\/\/www.san-damian.com\/de\/apartments\/#breadcrumb","itemListElement":[{"@type":"ListItem","position":1,"name":"Home","item":"https:\/\/www.san-damian.com\/de\/"},{"@type":"ListItem","position":2,"name":"Apartments"}]},{"@type":"WebSite","@id":"https:\/\/www.san-damian.com\/de\/#website","url":"https:\/\/www.san-damian.com\/de\/","name":"San Damian","description":"","potentialAction":[{"@type":"SearchAction","target":{"@type":"EntryPoint","urlTemplate":"https:\/\/www.san-damian.com\/de\/?s={search_term_string}"},"query-input":{"@type":"PropertyValueSpecification","valueRequired":true,"valueName":"search_term_string"}}],"inLanguage":"de"}]}},"_links":{"self":[{"href":"https:\/\/www.san-damian.com\/de\/wp-json\/wp\/v2\/pages\/3086","targetHints":{"allow":["GET"]}}],"collection":[{"href":"https:\/\/www.san-damian.com\/de\/wp-json\/wp\/v2\/pages"}],"about":[{"href":"https:\/\/www.san-damian.com\/de\/wp-json\/wp\/v2\/types\/page"}],"author":[{"embeddable":true,"href":"https:\/\/www.san-damian.com\/de\/wp-json\/wp\/v2\/users\/2"}],"replies":[{"embeddable":true,"href":"https:\/\/www.san-damian.com\/de\/wp-json\/wp\/v2\/comments?post=3086"}],"version-history":[{"count":26,"href":"https:\/\/www.san-damian.com\/de\/wp-json\/wp\/v2\/pages\/3086\/revisions"}],"predecessor-version":[{"id":6498,"href":"https:\/\/www.san-damian.com\/de\/wp-json\/wp\/v2\/pages\/3086\/revisions\/6498"}],"wp:attachment":[{"href":"https:\/\/www.san-damian.com\/de\/wp-json\/wp\/v2\/media?parent=3086"}],"curies":[{"name":"wp","href":"https:\/\/api.w.org\/{rel}","templated":true}]}}